{"id":65,"date":"2023-07-16T19:15:07","date_gmt":"2023-07-16T19:15:07","guid":{"rendered":"https:\/\/vh2020nqkts-0.hosting-space.nl\/?page_id=65"},"modified":"2023-10-14T20:20:09","modified_gmt":"2023-10-14T20:20:09","slug":"omgeving","status":"publish","type":"page","link":"https:\/\/smedserumzweden.nl\/?page_id=65","title":{"rendered":"Praktisch"},"content":{"rendered":"\n<p><strong>Allemansr\u00e4tt<\/strong><\/p>\n\n\n<div class=\"wp-block-image\">\n<figure class=\"alignright size-full is-resized\"><img loading=\"lazy\" decoding=\"async\" width=\"2560\" height=\"1920\" src=\"https:\/\/vh2020nqkts-0.hosting-space.nl\/wp-content\/uploads\/2023\/10\/EE41FDA7-193E-4623-AA50-0F82047E1291-scaled.jpeg\" alt=\"\" class=\"wp-image-151\" style=\"aspect-ratio:1.3333333333333333;width:217px;height:auto\" srcset=\"https:\/\/smedserumzweden.nl\/wp-content\/uploads\/2023\/10\/EE41FDA7-193E-4623-AA50-0F82047E1291-scaled.jpeg 2560w, https:\/\/smedserumzweden.nl\/wp-content\/uploads\/2023\/10\/EE41FDA7-193E-4623-AA50-0F82047E1291-300x225.jpeg 300w, https:\/\/smedserumzweden.nl\/wp-content\/uploads\/2023\/10\/EE41FDA7-193E-4623-AA50-0F82047E1291-768x576.jpeg 768w, https:\/\/smedserumzweden.nl\/wp-content\/uploads\/2023\/10\/EE41FDA7-193E-4623-AA50-0F82047E1291-1536x1152.jpeg 1536w, https:\/\/smedserumzweden.nl\/wp-content\/uploads\/2023\/10\/EE41FDA7-193E-4623-AA50-0F82047E1291-2048x1536.jpeg 2048w, https:\/\/smedserumzweden.nl\/wp-content\/uploads\/2023\/10\/EE41FDA7-193E-4623-AA50-0F82047E1291-400x300.jpeg 400w\" sizes=\"auto, (max-width: 2560px) 100vw, 2560px\" \/><\/figure>\n<\/div>\n\n\n<p>In Zweden bestaat het Allemansrecht, hetgeen betekent dat je particuliere grond mag betreden om van de vrije natuur te genieten. Toegestaan is onder andere: wandelen, fietsen, zwemmen en varen, niet-beschermde bloemen, paddenstoelen en bessen plukken (met name in de zomer heel veel bosbessen te vinden!), en voor \u00e9\u00e9n nacht een tent opzetten.\u00a0<\/p>\n\n\n\n<p><strong>Supermarkt<\/strong><\/p>\n\n\n<div class=\"wp-block-image\">\n<figure class=\"alignleft size-full is-resized\"><img loading=\"lazy\" decoding=\"async\" width=\"2560\" height=\"1920\" src=\"https:\/\/vh2020nqkts-0.hosting-space.nl\/wp-content\/uploads\/2023\/10\/20210817_061459231_iOS-scaled.jpeg\" alt=\"\" class=\"wp-image-176\" style=\"aspect-ratio:1.3333333333333333;width:174px;height:auto\" srcset=\"https:\/\/smedserumzweden.nl\/wp-content\/uploads\/2023\/10\/20210817_061459231_iOS-scaled.jpeg 2560w, https:\/\/smedserumzweden.nl\/wp-content\/uploads\/2023\/10\/20210817_061459231_iOS-300x225.jpeg 300w, https:\/\/smedserumzweden.nl\/wp-content\/uploads\/2023\/10\/20210817_061459231_iOS-768x576.jpeg 768w, https:\/\/smedserumzweden.nl\/wp-content\/uploads\/2023\/10\/20210817_061459231_iOS-1536x1152.jpeg 1536w, https:\/\/smedserumzweden.nl\/wp-content\/uploads\/2023\/10\/20210817_061459231_iOS-2048x1536.jpeg 2048w, https:\/\/smedserumzweden.nl\/wp-content\/uploads\/2023\/10\/20210817_061459231_iOS-400x300.jpeg 400w\" sizes=\"auto, (max-width: 2560px) 100vw, 2560px\" \/><\/figure>\n<\/div>\n\n\n<p>Het huisje staat 3 kilometer buiten een klein dorpje (met een tankstation, een loppis (kringloopwinkel) schooltje, kerk en een paar huizen). Op 10 kilometer is een dorpje met een supermarkt. Voor de grotere boodschappen gaan wij meestal naar Vimmerby (30 kilometer) of V\u00e4stervik (ook 30 kilometer).<\/p>\n\n\n\n<ul class=\"wp-block-list\">\n<li>12 km \u2013 Ankarsrum &#8211; Coop \u2013 Kungsv\u00e4gen 42a Ankarsrum<\/li>\n\n\n\n<li>15 km \u2013 Fr\u00f6dinge \u2013 ICA \u2013 V\u00e4sterviksv\u00e4gen 1 , Vimmerby&nbsp;<\/li>\n\n\n\n<li>35 km \u2013 Vimmerby \u2013 Coop en ICA<\/li>\n\n\n\n<li>35 km \u2013 V\u00e4stervik \u2013 Lidl, Maxi ICA<\/li>\n<\/ul>\n\n\n\n<p><strong>Afval<\/strong><br>In Zweden wordt het afval anders gescheiden dan in Nederland. Omdat wij een zomerhuisje hebben, hebben wij recht op een container, waar alles in mag. Persoonlijk kiezen wij ervoor om het afval wel te scheiden en weg te brengen (er zijn diverse afvalbrengpunten, waaronder \u00e9\u00e9n in Ankarsrum en \u00e9\u00e9n in Vimmerby. Als je daarvoor kiest moet je rekening houden met het volgende:<\/p>\n\n\n\n<ul class=\"wp-block-list\">\n<li>Papier: alle papier, inclusief drinkpakken<\/li>\n\n\n\n<li>Kranten en drukwerk (mag dus niet bij papier!)<\/li>\n\n\n\n<li>Plastic: alle plastic, exclusief drinkpakken<\/li>\n\n\n\n<li>Blik<\/li>\n\n\n\n<li>Glas<\/li>\n\n\n\n<li>Textiel<\/li>\n\n\n\n<li>GFT (maar daar is nog geen plek voor gevonden, dus dat gooi je bij het restafval).<\/li>\n\n\n\n<li>As uit de kachel: eventueel in de emmer (in het achterste halletje). NIET in een plastic zak o.i.d. doen, want het smeult nog lang na!!).<\/li>\n\n\n\n<li>Alle overige afval doe je in een plastic zakje bij het restafval.<\/li>\n<\/ul>\n\n\n\n<p><strong>Openbaar vervoer<\/strong><br>Er is een bushalte vlak bij ons huis, maar hier rijdt slechts 2 x per dag een bus (buiten de schoolvakanties). De dichtstbijzijnde bushalte naar de grotere dorpen is 10 kilometer verderop.<br>Businformatie: <a href=\"https:\/\/kalmarlanstrafik.se\/\">https:\/\/kalmarlanstrafik.se\/<\/a><br>Vanaf Ankarsrum, Vimmerby, Gambleby en V\u00e4stervik rijden er diverse treinen <a href=\"https:\/\/www.sj.se\">https:\/\/www.sj.se<\/a><\/p>\n","protected":false},"excerpt":{"rendered":"<p>Allemansr\u00e4tt In Zweden bestaat het Allemansrecht, hetgeen betekent dat je particuliere grond mag betreden om van de vrije natuur te genieten. Toegestaan is onder andere: wandelen, fietsen, zwemmen en varen, niet-beschermde bloemen, paddenstoelen en bessen plukken (met name in de &hellip; <a href=\"https:\/\/smedserumzweden.nl\/?page_id=65\">Lees verder <span class=\"meta-nav\">&rarr;<\/span><\/a><\/p>\n","protected":false},"author":1,"featured_media":0,"parent":0,"menu_order":40,"comment_status":"closed","ping_status":"closed","template":"","meta":{"footnotes":""},"class_list":["post-65","page","type-page","status-publish","hentry"],"yoast_head":"<!-- This site is optimized with the Yoast SEO plugin v27.2 - https:\/\/yoast.com\/product\/yoast-seo-wordpress\/ -->\n<title>Praktisch - Bj\u00e4rka Smedserum<\/title>\n<meta name=\"robots\" content=\"index, follow, max-snippet:-1, max-image-preview:large, max-video-preview:-1\" \/>\n<link rel=\"canonical\" href=\"https:\/\/smedserumzweden.nl\/?page_id=65\" \/>\n<meta property=\"og:locale\" content=\"nl_NL\" \/>\n<meta property=\"og:type\" content=\"article\" \/>\n<meta property=\"og:title\" content=\"Praktisch - Bj\u00e4rka Smedserum\" \/>\n<meta property=\"og:description\" content=\"Allemansr\u00e4tt In Zweden bestaat het Allemansrecht, hetgeen betekent dat je particuliere grond mag betreden om van de vrije natuur te genieten. Toegestaan is onder andere: wandelen, fietsen, zwemmen en varen, niet-beschermde bloemen, paddenstoelen en bessen plukken (met name in de &hellip; Lees verder &rarr;\" \/>\n<meta property=\"og:url\" content=\"https:\/\/smedserumzweden.nl\/?page_id=65\" \/>\n<meta property=\"og:site_name\" content=\"Bj\u00e4rka Smedserum\" \/>\n<meta property=\"article:modified_time\" content=\"2023-10-14T20:20:09+00:00\" \/>\n<meta property=\"og:image\" content=\"https:\/\/vh2020nqkts-0.hosting-space.nl\/wp-content\/uploads\/2023\/10\/EE41FDA7-193E-4623-AA50-0F82047E1291-scaled.jpeg\" \/>\n<meta name=\"twitter:card\" content=\"summary_large_image\" \/>\n<meta name=\"twitter:label1\" content=\"Geschatte leestijd\" \/>\n\t<meta name=\"twitter:data1\" content=\"2 minuten\" \/>\n<script type=\"application\/ld+json\" class=\"yoast-schema-graph\">{\"@context\":\"https:\/\/schema.org\",\"@graph\":[{\"@type\":\"WebPage\",\"@id\":\"https:\/\/smedserumzweden.nl\/?page_id=65\",\"url\":\"https:\/\/smedserumzweden.nl\/?page_id=65\",\"name\":\"Praktisch - Bj\u00e4rka Smedserum\",\"isPartOf\":{\"@id\":\"http:\/\/vh2020nqkts-0.hosting-space.nl\/#website\"},\"primaryImageOfPage\":{\"@id\":\"https:\/\/smedserumzweden.nl\/?page_id=65#primaryimage\"},\"image\":{\"@id\":\"https:\/\/smedserumzweden.nl\/?page_id=65#primaryimage\"},\"thumbnailUrl\":\"https:\/\/vh2020nqkts-0.hosting-space.nl\/wp-content\/uploads\/2023\/10\/EE41FDA7-193E-4623-AA50-0F82047E1291-scaled.jpeg\",\"datePublished\":\"2023-07-16T19:15:07+00:00\",\"dateModified\":\"2023-10-14T20:20:09+00:00\",\"breadcrumb\":{\"@id\":\"https:\/\/smedserumzweden.nl\/?page_id=65#breadcrumb\"},\"inLanguage\":\"nl-NL\",\"potentialAction\":[{\"@type\":\"ReadAction\",\"target\":[\"https:\/\/smedserumzweden.nl\/?page_id=65\"]}]},{\"@type\":\"ImageObject\",\"inLanguage\":\"nl-NL\",\"@id\":\"https:\/\/smedserumzweden.nl\/?page_id=65#primaryimage\",\"url\":\"https:\/\/vh2020nqkts-0.hosting-space.nl\/wp-content\/uploads\/2023\/10\/EE41FDA7-193E-4623-AA50-0F82047E1291-scaled.jpeg\",\"contentUrl\":\"https:\/\/vh2020nqkts-0.hosting-space.nl\/wp-content\/uploads\/2023\/10\/EE41FDA7-193E-4623-AA50-0F82047E1291-scaled.jpeg\"},{\"@type\":\"BreadcrumbList\",\"@id\":\"https:\/\/smedserumzweden.nl\/?page_id=65#breadcrumb\",\"itemListElement\":[{\"@type\":\"ListItem\",\"position\":1,\"name\":\"Home\",\"item\":\"http:\/\/vh2020nqkts-0.hosting-space.nl\/\"},{\"@type\":\"ListItem\",\"position\":2,\"name\":\"Praktisch\"}]},{\"@type\":\"WebSite\",\"@id\":\"http:\/\/vh2020nqkts-0.hosting-space.nl\/#website\",\"url\":\"http:\/\/vh2020nqkts-0.hosting-space.nl\/\",\"name\":\"Bj\u00e4rka Smedserum\",\"description\":\"De mooiste dingen in het leven kun je niet zien of aanraken.  Die moet je in je hart kunnen voelen en bewaren!\",\"potentialAction\":[{\"@type\":\"SearchAction\",\"target\":{\"@type\":\"EntryPoint\",\"urlTemplate\":\"http:\/\/vh2020nqkts-0.hosting-space.nl\/?s={search_term_string}\"},\"query-input\":{\"@type\":\"PropertyValueSpecification\",\"valueRequired\":true,\"valueName\":\"search_term_string\"}}],\"inLanguage\":\"nl-NL\"}]}<\/script>\n<!-- \/ Yoast SEO plugin. -->","yoast_head_json":{"title":"Praktisch - Bj\u00e4rka Smedserum","robots":{"index":"index","follow":"follow","max-snippet":"max-snippet:-1","max-image-preview":"max-image-preview:large","max-video-preview":"max-video-preview:-1"},"canonical":"https:\/\/smedserumzweden.nl\/?page_id=65","og_locale":"nl_NL","og_type":"article","og_title":"Praktisch - Bj\u00e4rka Smedserum","og_description":"Allemansr\u00e4tt In Zweden bestaat het Allemansrecht, hetgeen betekent dat je particuliere grond mag betreden om van de vrije natuur te genieten. Toegestaan is onder andere: wandelen, fietsen, zwemmen en varen, niet-beschermde bloemen, paddenstoelen en bessen plukken (met name in de &hellip; Lees verder &rarr;","og_url":"https:\/\/smedserumzweden.nl\/?page_id=65","og_site_name":"Bj\u00e4rka Smedserum","article_modified_time":"2023-10-14T20:20:09+00:00","og_image":[{"url":"https:\/\/vh2020nqkts-0.hosting-space.nl\/wp-content\/uploads\/2023\/10\/EE41FDA7-193E-4623-AA50-0F82047E1291-scaled.jpeg","type":"","width":"","height":""}],"twitter_card":"summary_large_image","twitter_misc":{"Geschatte leestijd":"2 minuten"},"schema":{"@context":"https:\/\/schema.org","@graph":[{"@type":"WebPage","@id":"https:\/\/smedserumzweden.nl\/?page_id=65","url":"https:\/\/smedserumzweden.nl\/?page_id=65","name":"Praktisch - Bj\u00e4rka Smedserum","isPartOf":{"@id":"http:\/\/vh2020nqkts-0.hosting-space.nl\/#website"},"primaryImageOfPage":{"@id":"https:\/\/smedserumzweden.nl\/?page_id=65#primaryimage"},"image":{"@id":"https:\/\/smedserumzweden.nl\/?page_id=65#primaryimage"},"thumbnailUrl":"https:\/\/vh2020nqkts-0.hosting-space.nl\/wp-content\/uploads\/2023\/10\/EE41FDA7-193E-4623-AA50-0F82047E1291-scaled.jpeg","datePublished":"2023-07-16T19:15:07+00:00","dateModified":"2023-10-14T20:20:09+00:00","breadcrumb":{"@id":"https:\/\/smedserumzweden.nl\/?page_id=65#breadcrumb"},"inLanguage":"nl-NL","potentialAction":[{"@type":"ReadAction","target":["https:\/\/smedserumzweden.nl\/?page_id=65"]}]},{"@type":"ImageObject","inLanguage":"nl-NL","@id":"https:\/\/smedserumzweden.nl\/?page_id=65#primaryimage","url":"https:\/\/vh2020nqkts-0.hosting-space.nl\/wp-content\/uploads\/2023\/10\/EE41FDA7-193E-4623-AA50-0F82047E1291-scaled.jpeg","contentUrl":"https:\/\/vh2020nqkts-0.hosting-space.nl\/wp-content\/uploads\/2023\/10\/EE41FDA7-193E-4623-AA50-0F82047E1291-scaled.jpeg"},{"@type":"BreadcrumbList","@id":"https:\/\/smedserumzweden.nl\/?page_id=65#breadcrumb","itemListElement":[{"@type":"ListItem","position":1,"name":"Home","item":"http:\/\/vh2020nqkts-0.hosting-space.nl\/"},{"@type":"ListItem","position":2,"name":"Praktisch"}]},{"@type":"WebSite","@id":"http:\/\/vh2020nqkts-0.hosting-space.nl\/#website","url":"http:\/\/vh2020nqkts-0.hosting-space.nl\/","name":"Bj\u00e4rka Smedserum","description":"De mooiste dingen in het leven kun je niet zien of aanraken.  Die moet je in je hart kunnen voelen en bewaren!","potentialAction":[{"@type":"SearchAction","target":{"@type":"EntryPoint","urlTemplate":"http:\/\/vh2020nqkts-0.hosting-space.nl\/?s={search_term_string}"},"query-input":{"@type":"PropertyValueSpecification","valueRequired":true,"valueName":"search_term_string"}}],"inLanguage":"nl-NL"}]}},"_links":{"self":[{"href":"https:\/\/smedserumzweden.nl\/index.php?rest_route=\/wp\/v2\/pages\/65","targetHints":{"allow":["GET"]}}],"collection":[{"href":"https:\/\/smedserumzweden.nl\/index.php?rest_route=\/wp\/v2\/pages"}],"about":[{"href":"https:\/\/smedserumzweden.nl\/index.php?rest_route=\/wp\/v2\/types\/page"}],"author":[{"embeddable":true,"href":"https:\/\/smedserumzweden.nl\/index.php?rest_route=\/wp\/v2\/users\/1"}],"replies":[{"embeddable":true,"href":"https:\/\/smedserumzweden.nl\/index.php?rest_route=%2Fwp%2Fv2%2Fcomments&post=65"}],"version-history":[{"count":10,"href":"https:\/\/smedserumzweden.nl\/index.php?rest_route=\/wp\/v2\/pages\/65\/revisions"}],"predecessor-version":[{"id":179,"href":"https:\/\/smedserumzweden.nl\/index.php?rest_route=\/wp\/v2\/pages\/65\/revisions\/179"}],"wp:attachment":[{"href":"https:\/\/smedserumzweden.nl\/index.php?rest_route=%2Fwp%2Fv2%2Fmedia&parent=65"}],"curies":[{"name":"wp","href":"https:\/\/api.w.org\/{rel}","templated":true}]}}